{"id":23,"date":"2015-06-03T22:11:02","date_gmt":"2015-06-03T22:11:02","guid":{"rendered":"http:\/\/dicadeteatro.com.br\/cursosd2t\/?post_type=product&#038;p=23"},"modified":"2018-06-14T11:43:12","modified_gmt":"2018-06-14T11:43:12","slug":"desbloquear-a-criatividade","status":"publish","type":"product","link":"https:\/\/d2tcomunicacao.com.br\/cursos\/product\/desbloquear-a-criatividade\/","title":{"rendered":"Desbloquear a criatividade"},"content":{"rendered":"<p>&nbsp;<\/p>\n<p><a href=\"http:\/\/d2tcomunicacao.com.br\/cursos\/wp-content\/uploads\/2015\/06\/criatividade.gif\"><img loading=\"lazy\" decoding=\"async\" class=\"alignleft size-full wp-image-32\" src=\"http:\/\/d2tcomunicacao.com.br\/cursos\/wp-content\/uploads\/2015\/06\/criatividade.gif\" alt=\"criatividade\" width=\"700\" height=\"388\" srcset=\"https:\/\/d2tcomunicacao.com.br\/cursos\/wp-content\/uploads\/2015\/06\/criatividade.gif 700w, https:\/\/d2tcomunicacao.com.br\/cursos\/wp-content\/uploads\/2015\/06\/criatividade-416x231.gif 416w\" sizes=\"auto, (max-width: 700px) 100vw, 700px\" \/><\/a><\/p>\n<p>&nbsp;<\/p>\n<p>&nbsp;<\/p>\n<p>&nbsp;<\/p>\n<p>&nbsp;<\/p>\n<p>&nbsp;<\/p>\n<p>&nbsp;<\/p>\n<p>&nbsp;<\/p>\n<p>&nbsp;<\/p>\n<p>&nbsp;<\/p>\n<p>&nbsp;<\/p>\n<p>&nbsp;<\/p>\n<p>Criatividade todo mundo tem.S\u00f3 est\u00e1 bloqueada por sociedade,escola trabalho.Mas hoje em da \u00e9 bom ser um profissional criativo.<\/p>\n<p>Pode ser realizado na empresa,resid\u00eancia,escola,etc .Feito na empresa ( individual ou grupo) ou individual<\/p>\n<p>Para grupos\u00a0 entre em contato\u00a0 no email:paulojosepires@terra.com.br\u00a0 para obter\u00a0 um desconto<\/p>\n<p>Inscreva-se<\/p>\n<p>&nbsp;<\/p>\n","protected":false},"excerpt":{"rendered":"<p>desbloqueie a criatividade<\/p>\n","protected":false},"featured_media":32,"comment_status":"closed","ping_status":"closed","template":"","meta":{"_acf_changed":false},"product_brand":[],"product_cat":[15],"product_tag":[],"class_list":{"0":"post-23","1":"product","2":"type-product","3":"status-publish","4":"has-post-thumbnail","6":"product_cat-uncategorized","8":"first","9":"instock","10":"virtual","11":"purchasable","12":"product-type-simple"},"acf":[],"yoast_head":"<!-- This site is optimized with the Yoast SEO plugin v24.4 - https:\/\/yoast.com\/wordpress\/plugins\/seo\/ -->\n<title>Desbloquear a criatividade - cursos<\/title>\n<meta name=\"description\" content=\"Hoje em dia ser criativo \u00e9 essencial para qualquer \u00e1rea.Pode ser incentivado ,melhorado.\" \/>\n<meta name=\"robots\" content=\"index, follow, max-snippet:-1, max-image-preview:large, max-video-preview:-1\" \/>\n<link rel=\"canonical\" href=\"https:\/\/d2tcomunicacao.com.br\/cursos\/product\/desbloquear-a-criatividade\/\" \/>\n<meta property=\"og:locale\" content=\"en_US\" \/>\n<meta property=\"og:type\" content=\"article\" \/>\n<meta property=\"og:title\" content=\"Desbloquear a criatividade - cursos\" \/>\n<meta property=\"og:description\" content=\"Hoje em dia ser criativo \u00e9 essencial para qualquer \u00e1rea.Pode ser incentivado ,melhorado.\" \/>\n<meta property=\"og:url\" content=\"https:\/\/d2tcomunicacao.com.br\/cursos\/product\/desbloquear-a-criatividade\/\" \/>\n<meta property=\"og:site_name\" content=\"cursos\" \/>\n<meta property=\"article:modified_time\" content=\"2018-06-14T11:43:12+00:00\" \/>\n<meta property=\"og:image\" content=\"https:\/\/d2tcomunicacao.com.br\/cursos\/wp-content\/uploads\/2015\/06\/criatividade.gif\" \/>\n\t<meta property=\"og:image:width\" content=\"700\" \/>\n\t<meta property=\"og:image:height\" content=\"388\" \/>\n\t<meta property=\"og:image:type\" content=\"image\/gif\" \/>\n<meta name=\"twitter:card\" content=\"summary_large_image\" \/>\n<script type=\"application\/ld+json\" class=\"yoast-schema-graph\">{\"@context\":\"https:\/\/schema.org\",\"@graph\":[{\"@type\":\"WebPage\",\"@id\":\"https:\/\/d2tcomunicacao.com.br\/cursos\/product\/desbloquear-a-criatividade\/\",\"url\":\"https:\/\/d2tcomunicacao.com.br\/cursos\/product\/desbloquear-a-criatividade\/\",\"name\":\"Desbloquear a criatividade - cursos\",\"isPartOf\":{\"@id\":\"https:\/\/d2tcomunicacao.com.br\/cursos\/#website\"},\"primaryImageOfPage\":{\"@id\":\"https:\/\/d2tcomunicacao.com.br\/cursos\/product\/desbloquear-a-criatividade\/#primaryimage\"},\"image\":{\"@id\":\"https:\/\/d2tcomunicacao.com.br\/cursos\/product\/desbloquear-a-criatividade\/#primaryimage\"},\"thumbnailUrl\":\"https:\/\/d2tcomunicacao.com.br\/cursos\/wp-content\/uploads\/2015\/06\/criatividade.gif\",\"datePublished\":\"2015-06-03T22:11:02+00:00\",\"dateModified\":\"2018-06-14T11:43:12+00:00\",\"description\":\"Hoje em dia ser criativo \u00e9 essencial para qualquer \u00e1rea.Pode ser incentivado ,melhorado.\",\"breadcrumb\":{\"@id\":\"https:\/\/d2tcomunicacao.com.br\/cursos\/product\/desbloquear-a-criatividade\/#breadcrumb\"},\"inLanguage\":\"en-US\",\"potentialAction\":[{\"@type\":\"ReadAction\",\"target\":[\"https:\/\/d2tcomunicacao.com.br\/cursos\/product\/desbloquear-a-criatividade\/\"]}]},{\"@type\":\"ImageObject\",\"inLanguage\":\"en-US\",\"@id\":\"https:\/\/d2tcomunicacao.com.br\/cursos\/product\/desbloquear-a-criatividade\/#primaryimage\",\"url\":\"https:\/\/d2tcomunicacao.com.br\/cursos\/wp-content\/uploads\/2015\/06\/criatividade.gif\",\"contentUrl\":\"https:\/\/d2tcomunicacao.com.br\/cursos\/wp-content\/uploads\/2015\/06\/criatividade.gif\",\"width\":700,\"height\":388},{\"@type\":\"BreadcrumbList\",\"@id\":\"https:\/\/d2tcomunicacao.com.br\/cursos\/product\/desbloquear-a-criatividade\/#breadcrumb\",\"itemListElement\":[{\"@type\":\"ListItem\",\"position\":1,\"name\":\"In\u00edcio\",\"item\":\"https:\/\/d2tcomunicacao.com.br\/cursos\/\"},{\"@type\":\"ListItem\",\"position\":2,\"name\":\"Shop\",\"item\":\"https:\/\/d2tcomunicacao.com.br\/cursos\/shop\/\"},{\"@type\":\"ListItem\",\"position\":3,\"name\":\"Desbloquear a criatividade\"}]},{\"@type\":\"WebSite\",\"@id\":\"https:\/\/d2tcomunicacao.com.br\/cursos\/#website\",\"url\":\"https:\/\/d2tcomunicacao.com.br\/cursos\/\",\"name\":\"cursos\",\"description\":\"\",\"potentialAction\":[{\"@type\":\"SearchAction\",\"target\":{\"@type\":\"EntryPoint\",\"urlTemplate\":\"https:\/\/d2tcomunicacao.com.br\/cursos\/?s={search_term_string}\"},\"query-input\":{\"@type\":\"PropertyValueSpecification\",\"valueRequired\":true,\"valueName\":\"search_term_string\"}}],\"inLanguage\":\"en-US\"}]}<\/script>\n<!-- \/ Yoast SEO plugin. -->","yoast_head_json":{"title":"Desbloquear a criatividade - cursos","description":"Hoje em dia ser criativo \u00e9 essencial para qualquer \u00e1rea.Pode ser incentivado ,melhorado.","robots":{"index":"index","follow":"follow","max-snippet":"max-snippet:-1","max-image-preview":"max-image-preview:large","max-video-preview":"max-video-preview:-1"},"canonical":"https:\/\/d2tcomunicacao.com.br\/cursos\/product\/desbloquear-a-criatividade\/","og_locale":"en_US","og_type":"article","og_title":"Desbloquear a criatividade - cursos","og_description":"Hoje em dia ser criativo \u00e9 essencial para qualquer \u00e1rea.Pode ser incentivado ,melhorado.","og_url":"https:\/\/d2tcomunicacao.com.br\/cursos\/product\/desbloquear-a-criatividade\/","og_site_name":"cursos","article_modified_time":"2018-06-14T11:43:12+00:00","og_image":[{"width":700,"height":388,"url":"https:\/\/d2tcomunicacao.com.br\/cursos\/wp-content\/uploads\/2015\/06\/criatividade.gif","type":"image\/gif"}],"twitter_card":"summary_large_image","schema":{"@context":"https:\/\/schema.org","@graph":[{"@type":"WebPage","@id":"https:\/\/d2tcomunicacao.com.br\/cursos\/product\/desbloquear-a-criatividade\/","url":"https:\/\/d2tcomunicacao.com.br\/cursos\/product\/desbloquear-a-criatividade\/","name":"Desbloquear a criatividade - cursos","isPartOf":{"@id":"https:\/\/d2tcomunicacao.com.br\/cursos\/#website"},"primaryImageOfPage":{"@id":"https:\/\/d2tcomunicacao.com.br\/cursos\/product\/desbloquear-a-criatividade\/#primaryimage"},"image":{"@id":"https:\/\/d2tcomunicacao.com.br\/cursos\/product\/desbloquear-a-criatividade\/#primaryimage"},"thumbnailUrl":"https:\/\/d2tcomunicacao.com.br\/cursos\/wp-content\/uploads\/2015\/06\/criatividade.gif","datePublished":"2015-06-03T22:11:02+00:00","dateModified":"2018-06-14T11:43:12+00:00","description":"Hoje em dia ser criativo \u00e9 essencial para qualquer \u00e1rea.Pode ser incentivado ,melhorado.","breadcrumb":{"@id":"https:\/\/d2tcomunicacao.com.br\/cursos\/product\/desbloquear-a-criatividade\/#breadcrumb"},"inLanguage":"en-US","potentialAction":[{"@type":"ReadAction","target":["https:\/\/d2tcomunicacao.com.br\/cursos\/product\/desbloquear-a-criatividade\/"]}]},{"@type":"ImageObject","inLanguage":"en-US","@id":"https:\/\/d2tcomunicacao.com.br\/cursos\/product\/desbloquear-a-criatividade\/#primaryimage","url":"https:\/\/d2tcomunicacao.com.br\/cursos\/wp-content\/uploads\/2015\/06\/criatividade.gif","contentUrl":"https:\/\/d2tcomunicacao.com.br\/cursos\/wp-content\/uploads\/2015\/06\/criatividade.gif","width":700,"height":388},{"@type":"BreadcrumbList","@id":"https:\/\/d2tcomunicacao.com.br\/cursos\/product\/desbloquear-a-criatividade\/#breadcrumb","itemListElement":[{"@type":"ListItem","position":1,"name":"In\u00edcio","item":"https:\/\/d2tcomunicacao.com.br\/cursos\/"},{"@type":"ListItem","position":2,"name":"Shop","item":"https:\/\/d2tcomunicacao.com.br\/cursos\/shop\/"},{"@type":"ListItem","position":3,"name":"Desbloquear a criatividade"}]},{"@type":"WebSite","@id":"https:\/\/d2tcomunicacao.com.br\/cursos\/#website","url":"https:\/\/d2tcomunicacao.com.br\/cursos\/","name":"cursos","description":"","potentialAction":[{"@type":"SearchAction","target":{"@type":"EntryPoint","urlTemplate":"https:\/\/d2tcomunicacao.com.br\/cursos\/?s={search_term_string}"},"query-input":{"@type":"PropertyValueSpecification","valueRequired":true,"valueName":"search_term_string"}}],"inLanguage":"en-US"}]}},"_links":{"self":[{"href":"https:\/\/d2tcomunicacao.com.br\/cursos\/wp-json\/wp\/v2\/product\/23","targetHints":{"allow":["GET"]}}],"collection":[{"href":"https:\/\/d2tcomunicacao.com.br\/cursos\/wp-json\/wp\/v2\/product"}],"about":[{"href":"https:\/\/d2tcomunicacao.com.br\/cursos\/wp-json\/wp\/v2\/types\/product"}],"replies":[{"embeddable":true,"href":"https:\/\/d2tcomunicacao.com.br\/cursos\/wp-json\/wp\/v2\/comments?post=23"}],"wp:featuredmedia":[{"embeddable":true,"href":"https:\/\/d2tcomunicacao.com.br\/cursos\/wp-json\/wp\/v2\/media\/32"}],"wp:attachment":[{"href":"https:\/\/d2tcomunicacao.com.br\/cursos\/wp-json\/wp\/v2\/media?parent=23"}],"wp:term":[{"taxonomy":"product_brand","embeddable":true,"href":"https:\/\/d2tcomunicacao.com.br\/cursos\/wp-json\/wp\/v2\/product_brand?post=23"},{"taxonomy":"product_cat","embeddable":true,"href":"https:\/\/d2tcomunicacao.com.br\/cursos\/wp-json\/wp\/v2\/product_cat?post=23"},{"taxonomy":"product_tag","embeddable":true,"href":"https:\/\/d2tcomunicacao.com.br\/cursos\/wp-json\/wp\/v2\/product_tag?post=23"}],"curies":[{"name":"wp","href":"https:\/\/api.w.org\/{rel}","templated":true}]}}