{"id":23085,"date":"2016-06-01T06:31:14","date_gmt":"2016-06-01T06:31:14","guid":{"rendered":"http:\/\/d2tcomunicacao.com.br\/cursos\/?post_type=product&#038;p=23085"},"modified":"2020-12-20T00:36:25","modified_gmt":"2020-12-20T00:36:25","slug":"curso-epis","status":"publish","type":"product","link":"https:\/\/d2tcomunicacao.com.br\/cursos\/product\/curso-epis\/","title":{"rendered":"Curso de  epis"},"content":{"rendered":"<p>Ru\u00eddo,poeira,trabalho em altura\u00a0 entre outros riscos que s\u00e3o necess\u00e1rios o uso de epi ( equipamento de prote\u00e7\u00e3o individual) .Precisam\u00a0 para um uso adequado treinamento realizado por t\u00e9cnicos\u00a0 de seguran\u00e7a do trabalho,engenheiro de seguran\u00e7a do trabalho entre outros.<\/p>\n<p>Entre em contato para realizar na sua empresa.Reserve para um grupo ou individual pela loja.Duvidas entre em contato pelo email paulojosepires@terra.com.br e pelo celular 11983261767.<\/p>\n","protected":false},"excerpt":{"rendered":"<p>Ru\u00eddo,poeira,trabalho em altura\u00a0 entre outros riscos que s\u00e3o necess\u00e1rios o uso de epi ( equipamento de prote\u00e7\u00e3o individual) .Precisam\u00a0 para um uso adequado treinamento realizado por t\u00e9cnicos\u00a0 de seguran\u00e7a do trabalho,engenheiro de seguran\u00e7a do trabalho entre outros. Entre em contato para realizar na sua empresa.Reserve para um grupo ou individual pela loja.Duvidas entre em contato [&hellip;]<\/p>\n","protected":false},"featured_media":0,"comment_status":"closed","ping_status":"closed","template":"","meta":{"_acf_changed":false},"product_brand":[],"product_cat":[],"product_tag":[],"class_list":{"0":"post-23085","1":"product","2":"type-product","3":"status-publish","6":"first","7":"instock","8":"shipping-taxable","9":"purchasable","10":"product-type-simple"},"acf":[],"yoast_head":"<!-- This site is optimized with the Yoast SEO plugin v24.4 - https:\/\/yoast.com\/wordpress\/plugins\/seo\/ -->\n<title>Curso de epis - cursos<\/title>\n<meta name=\"description\" content=\"curso de epi -treine seus funcion\u00e1rios sobre o uso adequado de epi\" \/>\n<meta name=\"robots\" content=\"index, follow, max-snippet:-1, max-image-preview:large, max-video-preview:-1\" \/>\n<link rel=\"canonical\" href=\"https:\/\/d2tcomunicacao.com.br\/cursos\/product\/curso-epis\/\" \/>\n<meta property=\"og:locale\" content=\"en_US\" \/>\n<meta property=\"og:type\" content=\"article\" \/>\n<meta property=\"og:title\" content=\"Curso de epis - cursos\" \/>\n<meta property=\"og:description\" content=\"curso de epi -treine seus funcion\u00e1rios sobre o uso adequado de epi\" \/>\n<meta property=\"og:url\" content=\"https:\/\/d2tcomunicacao.com.br\/cursos\/product\/curso-epis\/\" \/>\n<meta property=\"og:site_name\" content=\"cursos\" \/>\n<meta property=\"article:modified_time\" content=\"2020-12-20T00:36:25+00:00\" \/>\n<meta name=\"twitter:card\" content=\"summary_large_image\" \/>\n<script type=\"application\/ld+json\" class=\"yoast-schema-graph\">{\"@context\":\"https:\/\/schema.org\",\"@graph\":[{\"@type\":\"WebPage\",\"@id\":\"https:\/\/d2tcomunicacao.com.br\/cursos\/product\/curso-epis\/\",\"url\":\"https:\/\/d2tcomunicacao.com.br\/cursos\/product\/curso-epis\/\",\"name\":\"Curso de epis - cursos\",\"isPartOf\":{\"@id\":\"https:\/\/d2tcomunicacao.com.br\/cursos\/#website\"},\"datePublished\":\"2016-06-01T06:31:14+00:00\",\"dateModified\":\"2020-12-20T00:36:25+00:00\",\"description\":\"curso de epi -treine seus funcion\u00e1rios sobre o uso adequado de epi\",\"breadcrumb\":{\"@id\":\"https:\/\/d2tcomunicacao.com.br\/cursos\/product\/curso-epis\/#breadcrumb\"},\"inLanguage\":\"en-US\",\"potentialAction\":[{\"@type\":\"ReadAction\",\"target\":[\"https:\/\/d2tcomunicacao.com.br\/cursos\/product\/curso-epis\/\"]}]},{\"@type\":\"BreadcrumbList\",\"@id\":\"https:\/\/d2tcomunicacao.com.br\/cursos\/product\/curso-epis\/#breadcrumb\",\"itemListElement\":[{\"@type\":\"ListItem\",\"position\":1,\"name\":\"In\u00edcio\",\"item\":\"https:\/\/d2tcomunicacao.com.br\/cursos\/\"},{\"@type\":\"ListItem\",\"position\":2,\"name\":\"Shop\",\"item\":\"https:\/\/d2tcomunicacao.com.br\/cursos\/shop\/\"},{\"@type\":\"ListItem\",\"position\":3,\"name\":\"Curso de epis\"}]},{\"@type\":\"WebSite\",\"@id\":\"https:\/\/d2tcomunicacao.com.br\/cursos\/#website\",\"url\":\"https:\/\/d2tcomunicacao.com.br\/cursos\/\",\"name\":\"cursos\",\"description\":\"\",\"potentialAction\":[{\"@type\":\"SearchAction\",\"target\":{\"@type\":\"EntryPoint\",\"urlTemplate\":\"https:\/\/d2tcomunicacao.com.br\/cursos\/?s={search_term_string}\"},\"query-input\":{\"@type\":\"PropertyValueSpecification\",\"valueRequired\":true,\"valueName\":\"search_term_string\"}}],\"inLanguage\":\"en-US\"}]}<\/script>\n<!-- \/ Yoast SEO plugin. -->","yoast_head_json":{"title":"Curso de epis - cursos","description":"curso de epi -treine seus funcion\u00e1rios sobre o uso adequado de epi","robots":{"index":"index","follow":"follow","max-snippet":"max-snippet:-1","max-image-preview":"max-image-preview:large","max-video-preview":"max-video-preview:-1"},"canonical":"https:\/\/d2tcomunicacao.com.br\/cursos\/product\/curso-epis\/","og_locale":"en_US","og_type":"article","og_title":"Curso de epis - cursos","og_description":"curso de epi -treine seus funcion\u00e1rios sobre o uso adequado de epi","og_url":"https:\/\/d2tcomunicacao.com.br\/cursos\/product\/curso-epis\/","og_site_name":"cursos","article_modified_time":"2020-12-20T00:36:25+00:00","twitter_card":"summary_large_image","schema":{"@context":"https:\/\/schema.org","@graph":[{"@type":"WebPage","@id":"https:\/\/d2tcomunicacao.com.br\/cursos\/product\/curso-epis\/","url":"https:\/\/d2tcomunicacao.com.br\/cursos\/product\/curso-epis\/","name":"Curso de epis - cursos","isPartOf":{"@id":"https:\/\/d2tcomunicacao.com.br\/cursos\/#website"},"datePublished":"2016-06-01T06:31:14+00:00","dateModified":"2020-12-20T00:36:25+00:00","description":"curso de epi -treine seus funcion\u00e1rios sobre o uso adequado de epi","breadcrumb":{"@id":"https:\/\/d2tcomunicacao.com.br\/cursos\/product\/curso-epis\/#breadcrumb"},"inLanguage":"en-US","potentialAction":[{"@type":"ReadAction","target":["https:\/\/d2tcomunicacao.com.br\/cursos\/product\/curso-epis\/"]}]},{"@type":"BreadcrumbList","@id":"https:\/\/d2tcomunicacao.com.br\/cursos\/product\/curso-epis\/#breadcrumb","itemListElement":[{"@type":"ListItem","position":1,"name":"In\u00edcio","item":"https:\/\/d2tcomunicacao.com.br\/cursos\/"},{"@type":"ListItem","position":2,"name":"Shop","item":"https:\/\/d2tcomunicacao.com.br\/cursos\/shop\/"},{"@type":"ListItem","position":3,"name":"Curso de epis"}]},{"@type":"WebSite","@id":"https:\/\/d2tcomunicacao.com.br\/cursos\/#website","url":"https:\/\/d2tcomunicacao.com.br\/cursos\/","name":"cursos","description":"","potentialAction":[{"@type":"SearchAction","target":{"@type":"EntryPoint","urlTemplate":"https:\/\/d2tcomunicacao.com.br\/cursos\/?s={search_term_string}"},"query-input":{"@type":"PropertyValueSpecification","valueRequired":true,"valueName":"search_term_string"}}],"inLanguage":"en-US"}]}},"_links":{"self":[{"href":"https:\/\/d2tcomunicacao.com.br\/cursos\/wp-json\/wp\/v2\/product\/23085","targetHints":{"allow":["GET"]}}],"collection":[{"href":"https:\/\/d2tcomunicacao.com.br\/cursos\/wp-json\/wp\/v2\/product"}],"about":[{"href":"https:\/\/d2tcomunicacao.com.br\/cursos\/wp-json\/wp\/v2\/types\/product"}],"replies":[{"embeddable":true,"href":"https:\/\/d2tcomunicacao.com.br\/cursos\/wp-json\/wp\/v2\/comments?post=23085"}],"wp:attachment":[{"href":"https:\/\/d2tcomunicacao.com.br\/cursos\/wp-json\/wp\/v2\/media?parent=23085"}],"wp:term":[{"taxonomy":"product_brand","embeddable":true,"href":"https:\/\/d2tcomunicacao.com.br\/cursos\/wp-json\/wp\/v2\/product_brand?post=23085"},{"taxonomy":"product_cat","embeddable":true,"href":"https:\/\/d2tcomunicacao.com.br\/cursos\/wp-json\/wp\/v2\/product_cat?post=23085"},{"taxonomy":"product_tag","embeddable":true,"href":"https:\/\/d2tcomunicacao.com.br\/cursos\/wp-json\/wp\/v2\/product_tag?post=23085"}],"curies":[{"name":"wp","href":"https:\/\/api.w.org\/{rel}","templated":true}]}}